{"id":2,"date":"2024-12-19T17:13:34","date_gmt":"2024-12-19T16:13:34","guid":{"rendered":"https:\/\/www.formazioneinrete.it\/?page_id=2"},"modified":"2024-12-19T17:13:34","modified_gmt":"2024-12-19T16:13:34","slug":"pagina-di-esempio","status":"publish","type":"page","link":"https:\/\/www.formazioneinrete.it\/?page_id=2","title":{"rendered":"Pagina di esempio"},"content":{"rendered":"\n<p>Questa \u00e8 una pagina di esempio. Differisce da un articolo di un blog perch\u00e9 rimane sempre allo stesso posto e (in molti temi) appare nel menu di navigazione. Molte persone iniziano con una pagina di Informazioni che li presentano ai visitatori del sito. Potrebbe apparire una presentazione del tipo:<\/p>\n\n\n\n<blockquote class=\"wp-block-quote is-layout-flow wp-block-quote-is-layout-flow\"><p>Ciao! Sono un fattorino ciclista di giorno, aspirante attore di notte e questo \u00e8 il mio sito web. Vivo a Los Angeles, ho un grande cane di nome Jack e mi piace la pi\u00f1a colada. (E prendere la pioggia)<\/p><\/blockquote>\n\n\n\n<p>&#8230;o qualcosa di simile:<\/p>\n\n\n\n<blockquote class=\"wp-block-quote is-layout-flow wp-block-quote-is-layout-flow\"><p>La Societ\u00e0 XYZ Aggeggi \u00e8 stata fondata nel 1971 e da allora fornisce al pubblico aggeggi di ottima qualit\u00e0. Situata a Fantasilandia, XYZ impiega oltre 2.000 persone e realizza ogni sorta di aggeggio fantastico per la comunit\u00e0 di Fantasilandia.<\/p><\/blockquote>\n\n\n\n<p>Come nuovo utente di WordPress, dovresti andare nella tua <a href=\"https:\/\/www.formazioneinrete.it\/wp-admin\/\">Bacheca<\/a> per eliminare questa pagina, e crearne delle nuove per i tuoi contenuti. Divertiti!<\/p>\n","protected":false},"excerpt":{"rendered":"<p>Questa \u00e8 una pagina di esempio. Differisce da un articolo di un blog perch\u00e9 rimane sempre allo stesso posto e (in molti temi) appare nel menu di navigazione. Molte persone iniziano con una pagina di Informazioni che li presentano ai visitatori del sito. Potrebbe apparire una presentazione del tipo: Ciao! Sono un fattorino ciclista di &#8230; <a title=\"Pagina di esempio\" class=\"read-more\" href=\"https:\/\/www.formazioneinrete.it\/?page_id=2\" aria-label=\"Read more about Pagina di esempio\">Read more<\/a><\/p>\n","protected":false},"author":1,"featured_media":0,"parent":0,"menu_order":0,"comment_status":"closed","ping_status":"open","template":"","meta":{"footnotes":""},"class_list":["post-2","page","type-page","status-publish"],"yoast_head":"<!-- This site is optimized with the Yoast SEO plugin v24.1 - https:\/\/yoast.com\/wordpress\/plugins\/seo\/ -->\n<title>Pagina di esempio - www.formazioneinrete.it<\/title>\n<meta name=\"robots\" content=\"index, follow, max-snippet:-1, max-image-preview:large, max-video-preview:-1\" \/>\n<link rel=\"canonical\" href=\"https:\/\/www.formazioneinrete.it\/?page_id=2\" \/>\n<meta property=\"og:locale\" content=\"en_US\" \/>\n<meta property=\"og:type\" content=\"article\" \/>\n<meta property=\"og:title\" content=\"Pagina di esempio - www.formazioneinrete.it\" \/>\n<meta property=\"og:description\" content=\"Questa \u00e8 una pagina di esempio. Differisce da un articolo di un blog perch\u00e9 rimane sempre allo stesso posto e (in molti temi) appare nel menu di navigazione. Molte persone iniziano con una pagina di Informazioni che li presentano ai visitatori del sito. Potrebbe apparire una presentazione del tipo: Ciao! Sono un fattorino ciclista di ... Read more\" \/>\n<meta property=\"og:url\" content=\"https:\/\/www.formazioneinrete.it\/?page_id=2\" \/>\n<meta property=\"og:site_name\" content=\"www.formazioneinrete.it\" \/>\n<meta name=\"twitter:card\" content=\"summary_large_image\" \/>\n<meta name=\"twitter:label1\" content=\"Est. reading time\" \/>\n\t<meta name=\"twitter:data1\" content=\"1 minute\" \/>\n<script type=\"application\/ld+json\" class=\"yoast-schema-graph\">{\"@context\":\"https:\/\/schema.org\",\"@graph\":[{\"@type\":\"WebPage\",\"@id\":\"https:\/\/www.formazioneinrete.it\/?page_id=2\",\"url\":\"https:\/\/www.formazioneinrete.it\/?page_id=2\",\"name\":\"Pagina di esempio - www.formazioneinrete.it\",\"isPartOf\":{\"@id\":\"https:\/\/www.formazioneinrete.it\/#website\"},\"datePublished\":\"2024-12-19T16:13:34+00:00\",\"dateModified\":\"2024-12-19T16:13:34+00:00\",\"breadcrumb\":{\"@id\":\"https:\/\/www.formazioneinrete.it\/?page_id=2#breadcrumb\"},\"inLanguage\":\"en-US\",\"potentialAction\":[{\"@type\":\"ReadAction\",\"target\":[\"https:\/\/www.formazioneinrete.it\/?page_id=2\"]}]},{\"@type\":\"BreadcrumbList\",\"@id\":\"https:\/\/www.formazioneinrete.it\/?page_id=2#breadcrumb\",\"itemListElement\":[{\"@type\":\"ListItem\",\"position\":1,\"name\":\"Home\",\"item\":\"https:\/\/www.formazioneinrete.it\/\"},{\"@type\":\"ListItem\",\"position\":2,\"name\":\"Pagina di esempio\"}]},{\"@type\":\"WebSite\",\"@id\":\"https:\/\/www.formazioneinrete.it\/#website\",\"url\":\"https:\/\/www.formazioneinrete.it\/\",\"name\":\"www.formazioneinrete.it\",\"description\":\"\",\"potentialAction\":[{\"@type\":\"SearchAction\",\"target\":{\"@type\":\"EntryPoint\",\"urlTemplate\":\"https:\/\/www.formazioneinrete.it\/?s={search_term_string}\"},\"query-input\":{\"@type\":\"PropertyValueSpecification\",\"valueRequired\":true,\"valueName\":\"search_term_string\"}}],\"inLanguage\":\"en-US\"}]}<\/script>\n<!-- \/ Yoast SEO plugin. -->","yoast_head_json":{"title":"Pagina di esempio - www.formazioneinrete.it","robots":{"index":"index","follow":"follow","max-snippet":"max-snippet:-1","max-image-preview":"max-image-preview:large","max-video-preview":"max-video-preview:-1"},"canonical":"https:\/\/www.formazioneinrete.it\/?page_id=2","og_locale":"en_US","og_type":"article","og_title":"Pagina di esempio - www.formazioneinrete.it","og_description":"Questa \u00e8 una pagina di esempio. Differisce da un articolo di un blog perch\u00e9 rimane sempre allo stesso posto e (in molti temi) appare nel menu di navigazione. Molte persone iniziano con una pagina di Informazioni che li presentano ai visitatori del sito. Potrebbe apparire una presentazione del tipo: Ciao! Sono un fattorino ciclista di ... Read more","og_url":"https:\/\/www.formazioneinrete.it\/?page_id=2","og_site_name":"www.formazioneinrete.it","twitter_card":"summary_large_image","twitter_misc":{"Est. reading time":"1 minute"},"schema":{"@context":"https:\/\/schema.org","@graph":[{"@type":"WebPage","@id":"https:\/\/www.formazioneinrete.it\/?page_id=2","url":"https:\/\/www.formazioneinrete.it\/?page_id=2","name":"Pagina di esempio - www.formazioneinrete.it","isPartOf":{"@id":"https:\/\/www.formazioneinrete.it\/#website"},"datePublished":"2024-12-19T16:13:34+00:00","dateModified":"2024-12-19T16:13:34+00:00","breadcrumb":{"@id":"https:\/\/www.formazioneinrete.it\/?page_id=2#breadcrumb"},"inLanguage":"en-US","potentialAction":[{"@type":"ReadAction","target":["https:\/\/www.formazioneinrete.it\/?page_id=2"]}]},{"@type":"BreadcrumbList","@id":"https:\/\/www.formazioneinrete.it\/?page_id=2#breadcrumb","itemListElement":[{"@type":"ListItem","position":1,"name":"Home","item":"https:\/\/www.formazioneinrete.it\/"},{"@type":"ListItem","position":2,"name":"Pagina di esempio"}]},{"@type":"WebSite","@id":"https:\/\/www.formazioneinrete.it\/#website","url":"https:\/\/www.formazioneinrete.it\/","name":"www.formazioneinrete.it","description":"","potentialAction":[{"@type":"SearchAction","target":{"@type":"EntryPoint","urlTemplate":"https:\/\/www.formazioneinrete.it\/?s={search_term_string}"},"query-input":{"@type":"PropertyValueSpecification","valueRequired":true,"valueName":"search_term_string"}}],"inLanguage":"en-US"}]}},"_links":{"self":[{"href":"https:\/\/www.formazioneinrete.it\/index.php?rest_route=\/wp\/v2\/pages\/2","targetHints":{"allow":["GET"]}}],"collection":[{"href":"https:\/\/www.formazioneinrete.it\/index.php?rest_route=\/wp\/v2\/pages"}],"about":[{"href":"https:\/\/www.formazioneinrete.it\/index.php?rest_route=\/wp\/v2\/types\/page"}],"author":[{"embeddable":true,"href":"https:\/\/www.formazioneinrete.it\/index.php?rest_route=\/wp\/v2\/users\/1"}],"replies":[{"embeddable":true,"href":"https:\/\/www.formazioneinrete.it\/index.php?rest_route=%2Fwp%2Fv2%2Fcomments&post=2"}],"version-history":[{"count":0,"href":"https:\/\/www.formazioneinrete.it\/index.php?rest_route=\/wp\/v2\/pages\/2\/revisions"}],"wp:attachment":[{"href":"https:\/\/www.formazioneinrete.it\/index.php?rest_route=%2Fwp%2Fv2%2Fmedia&parent=2"}],"curies":[{"name":"wp","href":"https:\/\/api.w.org\/{rel}","templated":true}]}}